  {"id":318,"date":"2024-05-15T19:25:34","date_gmt":"2024-05-15T19:25:34","guid":{"rendered":"https:\/\/www.adelphi.edu\/breast-cancer\/support-groups-2\/"},"modified":"2025-07-31T21:16:11","modified_gmt":"2025-07-31T21:16:11","slug":"en-espanol","status":"publish","type":"page","link":"https:\/\/www.adelphi.edu\/breast-cancer\/en-espanol\/","title":{"rendered":"En Espa\u00f1ol"},"content":{"rendered":"<h2><img loading=\"lazy\" decoding=\"async\" class=\"wp-image-42 alignright\" src=\"https:\/\/www.adelphi.edu\/breast-cancer\/wp-content\/uploads\/sites\/131\/2024\/05\/Breast-Cancer-Program-Logo.png\" alt=\"Adelphi NY Statewide Breast Cancer Hotline &amp; Support Program: 1-800-877-8077\" width=\"200\" height=\"158\" srcset=\"https:\/\/www.adelphi.edu\/breast-cancer\/wp-content\/uploads\/sites\/131\/2024\/05\/Breast-Cancer-Program-Logo.png 900w, https:\/\/www.adelphi.edu\/breast-cancer\/wp-content\/uploads\/sites\/131\/2024\/05\/Breast-Cancer-Program-Logo-300x236.png 300w, https:\/\/www.adelphi.edu\/breast-cancer\/wp-content\/uploads\/sites\/131\/2024\/05\/Breast-Cancer-Program-Logo-768x605.png 768w\" sizes=\"(max-width: 200px) 100vw, 200px\" \/>Programa Estatal de Apoyo para el C\u00e1ncer del Seno de la Universidad Adelphi<\/h2>\n<p>Ofrece apoyo profesional y recursos esenciales para aqu\u00e9llas afectadas o preocupadas por el c\u00e1ncer de seno,\u00a0 empoder\u00e1ndolas a trav\u00e9s de la educaci\u00f3n y la defensa de su causa.<\/p>\n","protected":false},"excerpt":{"rendered":"<p>Programa Estatal de Apoyo para el C\u00e1ncer del Seno de la Universidad Adelphi Ofrece apoyo profesional y recursos esenciales para aqu\u00e9llas afectadas o preocupadas por el c\u00e1ncer de seno,\u00a0 empoder\u00e1ndolas a trav\u00e9s de la educaci\u00f3n y la defensa de su causa.<\/p>\n","protected":false},"author":9,"featured_media":0,"parent":0,"menu_order":11,"comment_status":"closed","ping_status":"closed","template":"","meta":{"footnotes":""},"class_list":["post-318","page","type-page","status-publish","hentry"],"acf":[],"yoast_head":"<title>En Espa\u00f1ol | Programa Estatal de New York de la L\u00ednea de Ayuda y Apoyo del C\u00e1ncer del Seno | Universidad Adelphi<\/title>\n<meta name=\"description\" content=\"El Programa Estatal de New York de la L\u00ednea de Ayuda y Apoyo del C\u00e1ncer del Seno ofrece asesoramiento, grupos de apoyo y educaci\u00f3n sobre la salud mamaria tanto en ingl\u00e9s como en espa\u00f1ol.\" \/>\n<meta name=\"robots\" content=\"index, follow, max-snippet:-1, max-image-preview:large, max-video-preview:-1\" \/>\n<link rel=\"canonical\" href=\"https:\/\/www.adelphi.edu\/breast-cancer\/en-espanol\/\" \/>\n<meta property=\"og:locale\" content=\"en_US\" \/>\n<meta property=\"og:type\" content=\"article\" \/>\n<meta property=\"og:title\" content=\"En Espa\u00f1ol | Programa Estatal de New York de la L\u00ednea de Ayuda y Apoyo del C\u00e1ncer del Seno | Universidad Adelphi\" \/>\n<meta property=\"og:description\" content=\"El Programa Estatal de New York de la L\u00ednea de Ayuda y Apoyo del C\u00e1ncer del Seno ofrece asesoramiento, grupos de apoyo y educaci\u00f3n sobre la salud mamaria tanto en ingl\u00e9s como en espa\u00f1ol.\" \/>\n<meta property=\"og:url\" content=\"https:\/\/www.adelphi.edu\/breast-cancer\/en-espanol\/\" \/>\n<meta property=\"og:site_name\" content=\"Breast Cancer Hotline &amp; Support Program\" \/>\n<meta property=\"article:modified_time\" content=\"2025-07-31T21:16:11+00:00\" \/>\n<meta property=\"og:image\" content=\"https:\/\/www.adelphi.edu\/breast-cancer\/wp-content\/uploads\/sites\/131\/2024\/05\/shutterstock_2037172193-1024x681.jpg\" \/>\n\t<meta property=\"og:image:width\" content=\"1024\" \/>\n\t<meta property=\"og:image:height\" content=\"681\" \/>\n\t<meta property=\"og:image:type\" content=\"image\/jpeg\" \/>\n<meta name=\"twitter:card\" content=\"summary_large_image\" \/>\n<meta name=\"twitter:label1\" content=\"Est. reading time\" \/>\n\t<meta name=\"twitter:data1\" content=\"1 minute\" \/>","yoast_head_json":{"title":"En Espa\u00f1ol | Programa Estatal de New York de la L\u00ednea de Ayuda y Apoyo del C\u00e1ncer del Seno | Universidad Adelphi","description":"El Programa Estatal de New York de la L\u00ednea de Ayuda y Apoyo del C\u00e1ncer del Seno ofrece asesoramiento, grupos de apoyo y educaci\u00f3n sobre la salud mamaria tanto en ingl\u00e9s como en espa\u00f1ol.","robots":{"index":"index","follow":"follow","max-snippet":"max-snippet:-1","max-image-preview":"max-image-preview:large","max-video-preview":"max-video-preview:-1"},"canonical":"https:\/\/www.adelphi.edu\/breast-cancer\/en-espanol\/","og_locale":"en_US","og_type":"article","og_title":"En Espa\u00f1ol | Programa Estatal de New York de la L\u00ednea de Ayuda y Apoyo del C\u00e1ncer del Seno | Universidad Adelphi","og_description":"El Programa Estatal de New York de la L\u00ednea de Ayuda y Apoyo del C\u00e1ncer del Seno ofrece asesoramiento, grupos de apoyo y educaci\u00f3n sobre la salud mamaria tanto en ingl\u00e9s como en espa\u00f1ol.","og_url":"https:\/\/www.adelphi.edu\/breast-cancer\/en-espanol\/","og_site_name":"Breast Cancer Hotline &amp; Support Program","article_modified_time":"2025-07-31T21:16:11+00:00","og_image":[{"width":1024,"height":681,"url":"https:\/\/www.adelphi.edu\/breast-cancer\/wp-content\/uploads\/sites\/131\/2024\/05\/shutterstock_2037172193-1024x681.jpg","type":"image\/jpeg"}],"twitter_card":"summary_large_image","twitter_misc":{"Est. reading time":"1 minute"},"schema":{"@context":"https:\/\/schema.org","@graph":[{"@type":"WebPage","@id":"https:\/\/www.adelphi.edu\/breast-cancer\/en-espanol\/","url":"https:\/\/www.adelphi.edu\/breast-cancer\/en-espanol\/","name":"En Espa\u00f1ol | Programa Estatal de New York de la L\u00ednea de Ayuda y Apoyo del C\u00e1ncer del Seno | Universidad Adelphi","isPartOf":{"@id":"https:\/\/www.adelphi.edu\/breast-cancer\/#website"},"primaryImageOfPage":{"@id":"https:\/\/www.adelphi.edu\/breast-cancer\/en-espanol\/#primaryimage"},"image":{"@id":"https:\/\/www.adelphi.edu\/breast-cancer\/en-espanol\/#primaryimage"},"thumbnailUrl":"https:\/\/www.adelphi.edu\/breast-cancer\/wp-content\/uploads\/sites\/131\/2024\/05\/Breast-Cancer-Program-Logo.png","datePublished":"2024-05-15T19:25:34+00:00","dateModified":"2025-07-31T21:16:11+00:00","description":"El Programa Estatal de New York de la L\u00ednea de Ayuda y Apoyo del C\u00e1ncer del Seno ofrece asesoramiento, grupos de apoyo y educaci\u00f3n sobre la salud mamaria tanto en ingl\u00e9s como en espa\u00f1ol.","breadcrumb":{"@id":"https:\/\/www.adelphi.edu\/breast-cancer\/en-espanol\/#breadcrumb"},"inLanguage":"en-US","potentialAction":[{"@type":"ReadAction","target":["https:\/\/www.adelphi.edu\/breast-cancer\/en-espanol\/"]}]},{"@type":"ImageObject","inLanguage":"en-US","@id":"https:\/\/www.adelphi.edu\/breast-cancer\/en-espanol\/#primaryimage","url":"https:\/\/www.adelphi.edu\/breast-cancer\/wp-content\/uploads\/sites\/131\/2024\/05\/Breast-Cancer-Program-Logo.png","contentUrl":"https:\/\/www.adelphi.edu\/breast-cancer\/wp-content\/uploads\/sites\/131\/2024\/05\/Breast-Cancer-Program-Logo.png","width":900,"height":709,"caption":"Adelphi NY Statewide Breast Cancer Hotline & Support Program: 1-800-877-8077"},{"@type":"BreadcrumbList","@id":"https:\/\/www.adelphi.edu\/breast-cancer\/en-espanol\/#breadcrumb","itemListElement":[{"@type":"ListItem","position":1,"name":"Home","item":"https:\/\/www.adelphi.edu\/breast-cancer\/"},{"@type":"ListItem","position":2,"name":"En Espa\u00f1ol"}]},{"@type":"WebSite","@id":"https:\/\/www.adelphi.edu\/breast-cancer\/#website","url":"https:\/\/www.adelphi.edu\/breast-cancer\/","name":"Breast Cancer Hotline &amp; Support Program","description":"","potentialAction":[{"@type":"SearchAction","target":{"@type":"EntryPoint","urlTemplate":"https:\/\/www.adelphi.edu\/breast-cancer\/?s={search_term_string}"},"query-input":{"@type":"PropertyValueSpecification","valueRequired":true,"valueName":"search_term_string"}}],"inLanguage":"en-US"}]}},"new_scheduled_revision":"","save_as_revision":"","_links":{"self":[{"href":"https:\/\/www.adelphi.edu\/breast-cancer\/wp-json\/wp\/v2\/pages\/318"}],"collection":[{"href":"https:\/\/www.adelphi.edu\/breast-cancer\/wp-json\/wp\/v2\/pages"}],"about":[{"href":"https:\/\/www.adelphi.edu\/breast-cancer\/wp-json\/wp\/v2\/types\/page"}],"author":[{"embeddable":true,"href":"https:\/\/www.adelphi.edu\/breast-cancer\/wp-json\/wp\/v2\/users\/9"}],"replies":[{"embeddable":true,"href":"https:\/\/www.adelphi.edu\/breast-cancer\/wp-json\/wp\/v2\/comments?post=318"}],"version-history":[{"count":57,"href":"https:\/\/www.adelphi.edu\/breast-cancer\/wp-json\/wp\/v2\/pages\/318\/revisions"}],"predecessor-version":[{"id":867,"href":"https:\/\/www.adelphi.edu\/breast-cancer\/wp-json\/wp\/v2\/pages\/318\/revisions\/867"}],"wp:attachment":[{"href":"https:\/\/www.adelphi.edu\/breast-cancer\/wp-json\/wp\/v2\/media?parent=318"}],"curies":[{"name":"wp","href":"https:\/\/api.w.org\/{rel}","templated":true}]}}