  {"id":749,"date":"2025-06-17T14:43:40","date_gmt":"2025-06-17T14:43:40","guid":{"rendered":"https:\/\/www.adelphi.edu\/breast-cancer\/en-espanol\/acerca-2\/"},"modified":"2025-07-31T21:24:10","modified_gmt":"2025-07-31T21:24:10","slug":"direccion-postal-y-direcciones","status":"publish","type":"page","link":"https:\/\/www.adelphi.edu\/breast-cancer\/en-espanol\/acerca\/direccion-postal-y-direcciones\/","title":{"rendered":"Direcci\u00f3n Postal y Direcciones"},"content":{"rendered":"<h2>Direcci\u00f3n de Envio<\/h2>\n<p><strong>Adelphi Breast Cancer Support Program<\/strong><br \/>\n1 South Avenue<br \/>\nP.O. Box 701<br \/>\nGarden City, NY 11530-0701<\/p>\n<h2>Ubicaci\u00f3n de los edificios<\/h2>\n<p><strong>Edificio de la Escuela de Trabajo Social<br \/>\n<\/strong>One South Avenue<br \/>\nGarden City, Nueva York 11530<\/p>\n<p><strong>Centro Universitario Ruth S. Harley<u><br \/>\n<\/u><\/strong>One South Avenue<br \/>\nGarden City, Nueva York 11530<\/p>\n<p><strong>Casa de Exalumnos de Angello<br \/>\n<\/strong>154 Cambridge Avenue<br \/>\nGarden City, Nueva York 11530<\/p>\n","protected":false},"excerpt":{"rendered":"<p>Direcci\u00f3n de Envio Adelphi Breast Cancer Support Program 1 South Avenue P.O. Box 701 Garden City, NY 11530-0701 Ubicaci\u00f3n de los edificios Edificio de la Escuela de Trabajo Social One South Avenue Garden City, Nueva York 11530 Centro Universitario Ruth S. Harley One South Avenue Garden City, Nueva York 11530 Casa de Exalumnos de Angello&hellip;<\/p>\n","protected":false},"author":9,"featured_media":0,"parent":247,"menu_order":1,"comment_status":"closed","ping_status":"closed","template":"","meta":{"footnotes":""},"class_list":["post-749","page","type-page","status-publish","hentry"],"acf":[],"yoast_head":"<title>Direcci\u00f3n Postal y Direcciones | Programa Estatal de New York de la L\u00ednea de Ayuda y Apoyo del C\u00e1ncer del Seno | Universidad Adelphi<\/title>\n<meta name=\"description\" content=\"El equipo del Programa de Apoyo y L\u00ednea Directa de C\u00e1ncer de Mama de Adelphi Nueva York est\u00e1 ubicado en el campus de Garden City, Nueva York, de la Universidad Adelphi.\" \/>\n<meta name=\"robots\" content=\"index, follow, max-snippet:-1, max-image-preview:large, max-video-preview:-1\" \/>\n<link rel=\"canonical\" href=\"https:\/\/www.adelphi.edu\/breast-cancer\/en-espanol\/acerca\/direccion-postal-y-direcciones\/\" \/>\n<meta property=\"og:locale\" content=\"en_US\" \/>\n<meta property=\"og:type\" content=\"article\" \/>\n<meta property=\"og:title\" content=\"Direcci\u00f3n Postal y Direcciones | Programa Estatal de New York de la L\u00ednea de Ayuda y Apoyo del C\u00e1ncer del Seno | Universidad Adelphi\" \/>\n<meta property=\"og:description\" content=\"El equipo del Programa de Apoyo y L\u00ednea Directa de C\u00e1ncer de Mama de Adelphi Nueva York est\u00e1 ubicado en el campus de Garden City, Nueva York, de la Universidad Adelphi.\" \/>\n<meta property=\"og:url\" content=\"https:\/\/www.adelphi.edu\/breast-cancer\/en-espanol\/acerca\/direccion-postal-y-direcciones\/\" \/>\n<meta property=\"og:site_name\" content=\"Breast Cancer Hotline &amp; Support Program\" \/>\n<meta property=\"article:modified_time\" content=\"2025-07-31T21:24:10+00:00\" \/>\n<meta property=\"og:image\" content=\"https:\/\/www.adelphi.edu\/breast-cancer\/wp-content\/uploads\/sites\/131\/2024\/05\/430055826_819626160207864_5366787820667679367_n.jpg\" \/>\n\t<meta property=\"og:image:width\" content=\"1500\" \/>\n\t<meta property=\"og:image:height\" content=\"1500\" \/>\n\t<meta property=\"og:image:type\" content=\"image\/jpeg\" \/>\n<meta name=\"twitter:card\" content=\"summary_large_image\" \/>\n<meta name=\"twitter:label1\" content=\"Est. reading time\" \/>\n\t<meta name=\"twitter:data1\" content=\"1 minute\" \/>","yoast_head_json":{"title":"Direcci\u00f3n Postal y Direcciones | Programa Estatal de New York de la L\u00ednea de Ayuda y Apoyo del C\u00e1ncer del Seno | Universidad Adelphi","description":"El equipo del Programa de Apoyo y L\u00ednea Directa de C\u00e1ncer de Mama de Adelphi Nueva York est\u00e1 ubicado en el campus de Garden City, Nueva York, de la Universidad Adelphi.","robots":{"index":"index","follow":"follow","max-snippet":"max-snippet:-1","max-image-preview":"max-image-preview:large","max-video-preview":"max-video-preview:-1"},"canonical":"https:\/\/www.adelphi.edu\/breast-cancer\/en-espanol\/acerca\/direccion-postal-y-direcciones\/","og_locale":"en_US","og_type":"article","og_title":"Direcci\u00f3n Postal y Direcciones | Programa Estatal de New York de la L\u00ednea de Ayuda y Apoyo del C\u00e1ncer del Seno | Universidad Adelphi","og_description":"El equipo del Programa de Apoyo y L\u00ednea Directa de C\u00e1ncer de Mama de Adelphi Nueva York est\u00e1 ubicado en el campus de Garden City, Nueva York, de la Universidad Adelphi.","og_url":"https:\/\/www.adelphi.edu\/breast-cancer\/en-espanol\/acerca\/direccion-postal-y-direcciones\/","og_site_name":"Breast Cancer Hotline &amp; Support Program","article_modified_time":"2025-07-31T21:24:10+00:00","og_image":[{"width":1500,"height":1500,"url":"https:\/\/www.adelphi.edu\/breast-cancer\/wp-content\/uploads\/sites\/131\/2024\/05\/430055826_819626160207864_5366787820667679367_n.jpg","type":"image\/jpeg"}],"twitter_card":"summary_large_image","twitter_misc":{"Est. reading time":"1 minute"},"schema":{"@context":"https:\/\/schema.org","@graph":[{"@type":"WebPage","@id":"https:\/\/www.adelphi.edu\/breast-cancer\/en-espanol\/acerca\/direccion-postal-y-direcciones\/","url":"https:\/\/www.adelphi.edu\/breast-cancer\/en-espanol\/acerca\/direccion-postal-y-direcciones\/","name":"Direcci\u00f3n Postal y Direcciones | Programa Estatal de New York de la L\u00ednea de Ayuda y Apoyo del C\u00e1ncer del Seno | Universidad Adelphi","isPartOf":{"@id":"https:\/\/www.adelphi.edu\/breast-cancer\/#website"},"datePublished":"2025-06-17T14:43:40+00:00","dateModified":"2025-07-31T21:24:10+00:00","description":"El equipo del Programa de Apoyo y L\u00ednea Directa de C\u00e1ncer de Mama de Adelphi Nueva York est\u00e1 ubicado en el campus de Garden City, Nueva York, de la Universidad Adelphi.","breadcrumb":{"@id":"https:\/\/www.adelphi.edu\/breast-cancer\/en-espanol\/acerca\/direccion-postal-y-direcciones\/#breadcrumb"},"inLanguage":"en-US","potentialAction":[{"@type":"ReadAction","target":["https:\/\/www.adelphi.edu\/breast-cancer\/en-espanol\/acerca\/direccion-postal-y-direcciones\/"]}]},{"@type":"BreadcrumbList","@id":"https:\/\/www.adelphi.edu\/breast-cancer\/en-espanol\/acerca\/direccion-postal-y-direcciones\/#breadcrumb","itemListElement":[{"@type":"ListItem","position":1,"name":"Home","item":"https:\/\/www.adelphi.edu\/breast-cancer\/"},{"@type":"ListItem","position":2,"name":"En Espa\u00f1ol","item":"https:\/\/www.adelphi.edu\/breast-cancer\/en-espanol\/"},{"@type":"ListItem","position":3,"name":"Acerca","item":"https:\/\/www.adelphi.edu\/breast-cancer\/en-espanol\/acerca\/"},{"@type":"ListItem","position":4,"name":"Direcci\u00f3n Postal y Direcciones"}]},{"@type":"WebSite","@id":"https:\/\/www.adelphi.edu\/breast-cancer\/#website","url":"https:\/\/www.adelphi.edu\/breast-cancer\/","name":"Breast Cancer Hotline &amp; Support Program","description":"","potentialAction":[{"@type":"SearchAction","target":{"@type":"EntryPoint","urlTemplate":"https:\/\/www.adelphi.edu\/breast-cancer\/?s={search_term_string}"},"query-input":{"@type":"PropertyValueSpecification","valueRequired":true,"valueName":"search_term_string"}}],"inLanguage":"en-US"}]}},"new_scheduled_revision":"","save_as_revision":"","_links":{"self":[{"href":"https:\/\/www.adelphi.edu\/breast-cancer\/wp-json\/wp\/v2\/pages\/749"}],"collection":[{"href":"https:\/\/www.adelphi.edu\/breast-cancer\/wp-json\/wp\/v2\/pages"}],"about":[{"href":"https:\/\/www.adelphi.edu\/breast-cancer\/wp-json\/wp\/v2\/types\/page"}],"author":[{"embeddable":true,"href":"https:\/\/www.adelphi.edu\/breast-cancer\/wp-json\/wp\/v2\/users\/9"}],"replies":[{"embeddable":true,"href":"https:\/\/www.adelphi.edu\/breast-cancer\/wp-json\/wp\/v2\/comments?post=749"}],"version-history":[{"count":4,"href":"https:\/\/www.adelphi.edu\/breast-cancer\/wp-json\/wp\/v2\/pages\/749\/revisions"}],"predecessor-version":[{"id":871,"href":"https:\/\/www.adelphi.edu\/breast-cancer\/wp-json\/wp\/v2\/pages\/749\/revisions\/871"}],"up":[{"embeddable":true,"href":"https:\/\/www.adelphi.edu\/breast-cancer\/wp-json\/wp\/v2\/pages\/247"}],"wp:attachment":[{"href":"https:\/\/www.adelphi.edu\/breast-cancer\/wp-json\/wp\/v2\/media?parent=749"}],"curies":[{"name":"wp","href":"https:\/\/api.w.org\/{rel}","templated":true}]}}