  {"id":760,"date":"2025-06-17T15:07:22","date_gmt":"2025-06-17T15:07:22","guid":{"rendered":"https:\/\/www.adelphi.edu\/breast-cancer\/en-espanol\/la-linea-directa-6\/"},"modified":"2025-06-18T12:41:58","modified_gmt":"2025-06-18T12:41:58","slug":"grupo-de-apoyo-para-mujeres-de-habla-hispana","status":"publish","type":"page","link":"https:\/\/www.adelphi.edu\/breast-cancer\/en-espanol\/grupo-de-apoyo-para-mujeres-de-habla-hispana\/","title":{"rendered":"Grupo de Apoyo para Mujeres de Habla Hispana"},"content":{"rendered":"<p><img loading=\"lazy\" decoding=\"async\" class=\"alignright wp-image-790 size-medium\" src=\"https:\/\/www.adelphi.edu\/breast-cancer\/wp-content\/uploads\/sites\/131\/2025\/06\/Group_hands-300x200.jpeg\" alt=\"teamwork, group of women putting hands together\" width=\"300\" height=\"200\" srcset=\"https:\/\/www.adelphi.edu\/breast-cancer\/wp-content\/uploads\/sites\/131\/2025\/06\/Group_hands-300x200.jpeg 300w, https:\/\/www.adelphi.edu\/breast-cancer\/wp-content\/uploads\/sites\/131\/2025\/06\/Group_hands-1024x683.jpeg 1024w, https:\/\/www.adelphi.edu\/breast-cancer\/wp-content\/uploads\/sites\/131\/2025\/06\/Group_hands-768x513.jpeg 768w, https:\/\/www.adelphi.edu\/breast-cancer\/wp-content\/uploads\/sites\/131\/2025\/06\/Group_hands-1536x1025.jpeg 1536w, https:\/\/www.adelphi.edu\/breast-cancer\/wp-content\/uploads\/sites\/131\/2025\/06\/Group_hands-2048x1367.jpeg 2048w, https:\/\/www.adelphi.edu\/breast-cancer\/wp-content\/uploads\/sites\/131\/2025\/06\/Group_hands-500x334.jpeg 500w, https:\/\/www.adelphi.edu\/breast-cancer\/wp-content\/uploads\/sites\/131\/2025\/06\/Group_hands-740x494.jpeg 740w, https:\/\/www.adelphi.edu\/breast-cancer\/wp-content\/uploads\/sites\/131\/2025\/06\/Group_hands-980x654.jpeg 980w, https:\/\/www.adelphi.edu\/breast-cancer\/wp-content\/uploads\/sites\/131\/2025\/06\/Group_hands-1220x814.jpeg 1220w, https:\/\/www.adelphi.edu\/breast-cancer\/wp-content\/uploads\/sites\/131\/2025\/06\/Group_hands-1440x960.jpeg 1440w\" sizes=\"(max-width: 300px) 100vw, 300px\" \/><\/p>\n<p>Los grupos de apoyo se facilitan utilizando la versi\u00f3n de Zoom compatible con HIPAA. Participar es gratuito, pero es necesario registrarse. Una vez registrada, usted recibir\u00e1 el enlace de Zoom. Todos los grupos est\u00e1n dirigidos por una trabajadora social colegiada.<\/p>\n<h2>Cafecito<\/h2>\n<p>Cafecito es un grupo de apoyo en espa\u00f1ol para sobrevivientes de c\u00e1ncer de mama que se encuentran en fase postratamiento. Este grupo se re\u00fane dos veces al mes por Zoom.<\/p>\n<p>Para registrarse, comun\u00edquese con Angela Papalia LMSW al <strong>516.877.4329<\/strong> o <a href=\"mailto:apapalia@adelphi.edu\">apapalia@adelphi.edu<\/a>.<\/p>\n<p>Todos los grupos de apoyo son facilitados por trabajadoras sociales colegiadas y son gratuitos. Estos programas cuentan con el apoyo de subsidios de la Fundaci\u00f3n Familiar Alpern, el Acuerdo de Cooperaci\u00f3n DP 24-0061 de los Centros para el Control y la Prevenci\u00f3n de Enfermedades, Kat&#8217;s Ribbon of Hope, la Fundaci\u00f3n Marilyn Lichtman, el Estado de Nueva York, el Instituto Oncol\u00f3gico Northwell Health y Pink Aid.<\/p>\n","protected":false},"excerpt":{"rendered":"<p>Los grupos de apoyo se facilitan utilizando la versi\u00f3n de Zoom compatible con HIPAA. Participar es gratuito, pero es necesario registrarse. Una vez registrada, usted recibir\u00e1 el enlace de Zoom. Todos los grupos est\u00e1n dirigidos por una trabajadora social colegiada. Cafecito Cafecito es un grupo de apoyo en espa\u00f1ol para sobrevivientes de c\u00e1ncer de mama&hellip;<\/p>\n","protected":false},"author":0,"featured_media":0,"parent":318,"menu_order":3,"comment_status":"closed","ping_status":"closed","template":"","meta":{"footnotes":""},"class_list":["post-760","page","type-page","status-publish","hentry"],"acf":[],"yoast_head":"<title>Grupo de Apoyo para Mujeres de Habla Hispana | Programa Estatal de New York de la L\u00ednea de Ayuda y Apoyo del C\u00e1ncer del Seno | Universidad Adelphi<\/title>\n<meta name=\"description\" content=\"Ofrecemos varios grupos de apoyo dise\u00f1ados para satisfacer las diversas necesidades de las personas afectadas por el c\u00e1ncer de mama.\" \/>\n<meta name=\"robots\" content=\"index, follow, max-snippet:-1, max-image-preview:large, max-video-preview:-1\" \/>\n<link rel=\"canonical\" href=\"https:\/\/www.adelphi.edu\/breast-cancer\/en-espanol\/grupo-de-apoyo-para-mujeres-de-habla-hispana\/\" \/>\n<meta property=\"og:locale\" content=\"en_US\" \/>\n<meta property=\"og:type\" content=\"article\" \/>\n<meta property=\"og:title\" content=\"Grupo de Apoyo para Mujeres de Habla Hispana | Programa Estatal de New York de la L\u00ednea de Ayuda y Apoyo del C\u00e1ncer del Seno | Universidad Adelphi\" \/>\n<meta property=\"og:description\" content=\"Ofrecemos varios grupos de apoyo dise\u00f1ados para satisfacer las diversas necesidades de las personas afectadas por el c\u00e1ncer de mama.\" \/>\n<meta property=\"og:url\" content=\"https:\/\/www.adelphi.edu\/breast-cancer\/en-espanol\/grupo-de-apoyo-para-mujeres-de-habla-hispana\/\" \/>\n<meta property=\"og:site_name\" content=\"Breast Cancer Hotline &amp; Support Program\" \/>\n<meta property=\"article:modified_time\" content=\"2025-06-18T12:41:58+00:00\" \/>\n<meta property=\"og:image\" content=\"https:\/\/www.adelphi.edu\/breast-cancer\/wp-content\/uploads\/sites\/131\/2024\/05\/430055826_819626160207864_5366787820667679367_n.jpg\" \/>\n\t<meta property=\"og:image:width\" content=\"1500\" \/>\n\t<meta property=\"og:image:height\" content=\"1500\" \/>\n\t<meta property=\"og:image:type\" content=\"image\/jpeg\" \/>\n<meta name=\"twitter:card\" content=\"summary_large_image\" \/>\n<meta name=\"twitter:label1\" content=\"Est. reading time\" \/>\n\t<meta name=\"twitter:data1\" content=\"1 minute\" \/>","yoast_head_json":{"title":"Grupo de Apoyo para Mujeres de Habla Hispana | Programa Estatal de New York de la L\u00ednea de Ayuda y Apoyo del C\u00e1ncer del Seno | Universidad Adelphi","description":"Ofrecemos varios grupos de apoyo dise\u00f1ados para satisfacer las diversas necesidades de las personas afectadas por el c\u00e1ncer de mama.","robots":{"index":"index","follow":"follow","max-snippet":"max-snippet:-1","max-image-preview":"max-image-preview:large","max-video-preview":"max-video-preview:-1"},"canonical":"https:\/\/www.adelphi.edu\/breast-cancer\/en-espanol\/grupo-de-apoyo-para-mujeres-de-habla-hispana\/","og_locale":"en_US","og_type":"article","og_title":"Grupo de Apoyo para Mujeres de Habla Hispana | Programa Estatal de New York de la L\u00ednea de Ayuda y Apoyo del C\u00e1ncer del Seno | Universidad Adelphi","og_description":"Ofrecemos varios grupos de apoyo dise\u00f1ados para satisfacer las diversas necesidades de las personas afectadas por el c\u00e1ncer de mama.","og_url":"https:\/\/www.adelphi.edu\/breast-cancer\/en-espanol\/grupo-de-apoyo-para-mujeres-de-habla-hispana\/","og_site_name":"Breast Cancer Hotline &amp; Support Program","article_modified_time":"2025-06-18T12:41:58+00:00","og_image":[{"width":1500,"height":1500,"url":"https:\/\/www.adelphi.edu\/breast-cancer\/wp-content\/uploads\/sites\/131\/2024\/05\/430055826_819626160207864_5366787820667679367_n.jpg","type":"image\/jpeg"}],"twitter_card":"summary_large_image","twitter_misc":{"Est. reading time":"1 minute"},"schema":{"@context":"https:\/\/schema.org","@graph":[{"@type":"WebPage","@id":"https:\/\/www.adelphi.edu\/breast-cancer\/en-espanol\/grupo-de-apoyo-para-mujeres-de-habla-hispana\/","url":"https:\/\/www.adelphi.edu\/breast-cancer\/en-espanol\/grupo-de-apoyo-para-mujeres-de-habla-hispana\/","name":"Grupo de Apoyo para Mujeres de Habla Hispana | Programa Estatal de New York de la L\u00ednea de Ayuda y Apoyo del C\u00e1ncer del Seno | Universidad Adelphi","isPartOf":{"@id":"https:\/\/www.adelphi.edu\/breast-cancer\/#website"},"primaryImageOfPage":{"@id":"https:\/\/www.adelphi.edu\/breast-cancer\/en-espanol\/grupo-de-apoyo-para-mujeres-de-habla-hispana\/#primaryimage"},"image":{"@id":"https:\/\/www.adelphi.edu\/breast-cancer\/en-espanol\/grupo-de-apoyo-para-mujeres-de-habla-hispana\/#primaryimage"},"thumbnailUrl":"https:\/\/www.adelphi.edu\/breast-cancer\/wp-content\/uploads\/sites\/131\/2025\/06\/Group_hands-300x200.jpeg","datePublished":"2025-06-17T15:07:22+00:00","dateModified":"2025-06-18T12:41:58+00:00","description":"Ofrecemos varios grupos de apoyo dise\u00f1ados para satisfacer las diversas necesidades de las personas afectadas por el c\u00e1ncer de mama.","breadcrumb":{"@id":"https:\/\/www.adelphi.edu\/breast-cancer\/en-espanol\/grupo-de-apoyo-para-mujeres-de-habla-hispana\/#breadcrumb"},"inLanguage":"en-US","potentialAction":[{"@type":"ReadAction","target":["https:\/\/www.adelphi.edu\/breast-cancer\/en-espanol\/grupo-de-apoyo-para-mujeres-de-habla-hispana\/"]}]},{"@type":"ImageObject","inLanguage":"en-US","@id":"https:\/\/www.adelphi.edu\/breast-cancer\/en-espanol\/grupo-de-apoyo-para-mujeres-de-habla-hispana\/#primaryimage","url":"https:\/\/www.adelphi.edu\/breast-cancer\/wp-content\/uploads\/sites\/131\/2025\/06\/Group_hands.jpeg","contentUrl":"https:\/\/www.adelphi.edu\/breast-cancer\/wp-content\/uploads\/sites\/131\/2025\/06\/Group_hands.jpeg","width":7360,"height":4912,"caption":"teamwork, group of women putting hands together"},{"@type":"BreadcrumbList","@id":"https:\/\/www.adelphi.edu\/breast-cancer\/en-espanol\/grupo-de-apoyo-para-mujeres-de-habla-hispana\/#breadcrumb","itemListElement":[{"@type":"ListItem","position":1,"name":"Home","item":"https:\/\/www.adelphi.edu\/breast-cancer\/"},{"@type":"ListItem","position":2,"name":"En Espa\u00f1ol","item":"https:\/\/www.adelphi.edu\/breast-cancer\/en-espanol\/"},{"@type":"ListItem","position":3,"name":"Grupo de Apoyo para Mujeres de Habla Hispana"}]},{"@type":"WebSite","@id":"https:\/\/www.adelphi.edu\/breast-cancer\/#website","url":"https:\/\/www.adelphi.edu\/breast-cancer\/","name":"Breast Cancer Hotline &amp; Support Program","description":"","potentialAction":[{"@type":"SearchAction","target":{"@type":"EntryPoint","urlTemplate":"https:\/\/www.adelphi.edu\/breast-cancer\/?s={search_term_string}"},"query-input":{"@type":"PropertyValueSpecification","valueRequired":true,"valueName":"search_term_string"}}],"inLanguage":"en-US"}]}},"new_scheduled_revision":"","save_as_revision":"","_links":{"self":[{"href":"https:\/\/www.adelphi.edu\/breast-cancer\/wp-json\/wp\/v2\/pages\/760"}],"collection":[{"href":"https:\/\/www.adelphi.edu\/breast-cancer\/wp-json\/wp\/v2\/pages"}],"about":[{"href":"https:\/\/www.adelphi.edu\/breast-cancer\/wp-json\/wp\/v2\/types\/page"}],"replies":[{"embeddable":true,"href":"https:\/\/www.adelphi.edu\/breast-cancer\/wp-json\/wp\/v2\/comments?post=760"}],"version-history":[{"count":4,"href":"https:\/\/www.adelphi.edu\/breast-cancer\/wp-json\/wp\/v2\/pages\/760\/revisions"}],"predecessor-version":[{"id":806,"href":"https:\/\/www.adelphi.edu\/breast-cancer\/wp-json\/wp\/v2\/pages\/760\/revisions\/806"}],"up":[{"embeddable":true,"href":"https:\/\/www.adelphi.edu\/breast-cancer\/wp-json\/wp\/v2\/pages\/318"}],"wp:attachment":[{"href":"https:\/\/www.adelphi.edu\/breast-cancer\/wp-json\/wp\/v2\/media?parent=760"}],"curies":[{"name":"wp","href":"https:\/\/api.w.org\/{rel}","templated":true}]}}