  {"id":761,"date":"2025-06-17T15:07:22","date_gmt":"2025-06-17T15:07:22","guid":{"rendered":"https:\/\/www.adelphi.edu\/breast-cancer\/en-espanol\/la-linea-directa-7\/"},"modified":"2025-07-09T13:15:51","modified_gmt":"2025-07-09T13:15:51","slug":"consejeria","status":"publish","type":"page","link":"https:\/\/www.adelphi.edu\/breast-cancer\/en-espanol\/consejeria\/","title":{"rendered":"Consejeria"},"content":{"rendered":"<p>Nuestras trabajadoras sociales biling\u00fces (hablan ingl\u00e9s y espa\u00f1ol) y ayudan a las personas a afrontar algunos de los mayores desaf\u00edos de la vida. Despu\u00e9s de evaluar las necesidades del hombre o la mujer, la trabajadora social ofrece recursos en la comunidad.<\/p>\n<p>Las trabajadoras sociales licenciadas\u00a0y biling\u00fces\u00a0ofrecen apoyo a individuales\u00a0y sus familias\u00a0por tel\u00e9fono\u00a0y virtualmente por el computador, Ipad o tel\u00e9fono\u00a0usando una versi\u00f3n de Zoom.\u00a0 Este proceso es privado.<\/p>\n<p><span>Todos nuestros servicios son completamente gratuitos y confidenciales.<\/span><\/p>\n<div id=\"attachment_787\" class=\"wp-caption aligncenter\"><img loading=\"lazy\" decoding=\"async\" aria-describedby=\"caption-attachment-787\" class=\"wp-image-787\" src=\"https:\/\/www.adelphi.edu\/breast-cancer\/wp-content\/uploads\/sites\/131\/2025\/06\/wordcloud_Spanish.png\" alt=\"A word cloud inside the shape of a heart with inspiring to describe the social work and breast cancer support.\" width=\"500\" height=\"500\" srcset=\"https:\/\/www.adelphi.edu\/breast-cancer\/wp-content\/uploads\/sites\/131\/2025\/06\/wordcloud_Spanish.png 1024w, https:\/\/www.adelphi.edu\/breast-cancer\/wp-content\/uploads\/sites\/131\/2025\/06\/wordcloud_Spanish-300x300.png 300w, https:\/\/www.adelphi.edu\/breast-cancer\/wp-content\/uploads\/sites\/131\/2025\/06\/wordcloud_Spanish-150x150.png 150w, https:\/\/www.adelphi.edu\/breast-cancer\/wp-content\/uploads\/sites\/131\/2025\/06\/wordcloud_Spanish-768x768.png 768w, https:\/\/www.adelphi.edu\/breast-cancer\/wp-content\/uploads\/sites\/131\/2025\/06\/wordcloud_Spanish-100x100.png 100w, https:\/\/www.adelphi.edu\/breast-cancer\/wp-content\/uploads\/sites\/131\/2025\/06\/wordcloud_Spanish-500x500.png 500w, https:\/\/www.adelphi.edu\/breast-cancer\/wp-content\/uploads\/sites\/131\/2025\/06\/wordcloud_Spanish-740x740.png 740w, https:\/\/www.adelphi.edu\/breast-cancer\/wp-content\/uploads\/sites\/131\/2025\/06\/wordcloud_Spanish-980x980.png 980w\" sizes=\"(max-width: 500px) 100vw, 500px\" \/><p id=\"caption-attachment-787\" class=\"wp-caption-text\">Una nube de palabras creada para celebrar el Mes del Trabajo Social<\/p><\/div>\n","protected":false},"excerpt":{"rendered":"<p>Nuestras trabajadoras sociales biling\u00fces (hablan ingl\u00e9s y espa\u00f1ol) y ayudan a las personas a afrontar algunos de los mayores desaf\u00edos de la vida. Despu\u00e9s de evaluar las necesidades del hombre o la mujer, la trabajadora social ofrece recursos en la comunidad. Las trabajadoras sociales licenciadas\u00a0y biling\u00fces\u00a0ofrecen apoyo a individuales\u00a0y sus familias\u00a0por tel\u00e9fono\u00a0y virtualmente por el&hellip;<\/p>\n","protected":false},"author":0,"featured_media":0,"parent":318,"menu_order":2,"comment_status":"closed","ping_status":"closed","template":"","meta":{"footnotes":""},"class_list":["post-761","page","type-page","status-publish","hentry"],"acf":[],"yoast_head":"<title>Consejeria | Programa Estatal de New York de la L\u00ednea de Ayuda y Apoyo del C\u00e1ncer del Seno | Universidad Adelphi<\/title>\n<meta name=\"description\" content=\"Nuestras trabajadoras sociales ayudan a apoyar y empoderar a las personas y sus familias para atravesar un diagn\u00f3stico de c\u00e1ncer de mama.\" \/>\n<meta name=\"robots\" content=\"index, follow, max-snippet:-1, max-image-preview:large, max-video-preview:-1\" \/>\n<link rel=\"canonical\" href=\"https:\/\/www.adelphi.edu\/breast-cancer\/en-espanol\/consejeria\/\" \/>\n<meta property=\"og:locale\" content=\"en_US\" \/>\n<meta property=\"og:type\" content=\"article\" \/>\n<meta property=\"og:title\" content=\"Consejeria | Programa Estatal de New York de la L\u00ednea de Ayuda y Apoyo del C\u00e1ncer del Seno | Universidad Adelphi\" \/>\n<meta property=\"og:description\" content=\"Nuestras trabajadoras sociales ayudan a apoyar y empoderar a las personas y sus familias para atravesar un diagn\u00f3stico de c\u00e1ncer de mama.\" \/>\n<meta property=\"og:url\" content=\"https:\/\/www.adelphi.edu\/breast-cancer\/en-espanol\/consejeria\/\" \/>\n<meta property=\"og:site_name\" content=\"Breast Cancer Hotline &amp; Support Program\" \/>\n<meta property=\"article:modified_time\" content=\"2025-07-09T13:15:51+00:00\" \/>\n<meta property=\"og:image\" content=\"https:\/\/www.adelphi.edu\/breast-cancer\/wp-content\/uploads\/sites\/131\/2024\/05\/430055826_819626160207864_5366787820667679367_n.jpg\" \/>\n\t<meta property=\"og:image:width\" content=\"1500\" \/>\n\t<meta property=\"og:image:height\" content=\"1500\" \/>\n\t<meta property=\"og:image:type\" content=\"image\/jpeg\" \/>\n<meta name=\"twitter:card\" content=\"summary_large_image\" \/>\n<meta name=\"twitter:label1\" content=\"Est. reading time\" \/>\n\t<meta name=\"twitter:data1\" content=\"1 minute\" \/>","yoast_head_json":{"title":"Consejeria | Programa Estatal de New York de la L\u00ednea de Ayuda y Apoyo del C\u00e1ncer del Seno | Universidad Adelphi","description":"Nuestras trabajadoras sociales ayudan a apoyar y empoderar a las personas y sus familias para atravesar un diagn\u00f3stico de c\u00e1ncer de mama.","robots":{"index":"index","follow":"follow","max-snippet":"max-snippet:-1","max-image-preview":"max-image-preview:large","max-video-preview":"max-video-preview:-1"},"canonical":"https:\/\/www.adelphi.edu\/breast-cancer\/en-espanol\/consejeria\/","og_locale":"en_US","og_type":"article","og_title":"Consejeria | Programa Estatal de New York de la L\u00ednea de Ayuda y Apoyo del C\u00e1ncer del Seno | Universidad Adelphi","og_description":"Nuestras trabajadoras sociales ayudan a apoyar y empoderar a las personas y sus familias para atravesar un diagn\u00f3stico de c\u00e1ncer de mama.","og_url":"https:\/\/www.adelphi.edu\/breast-cancer\/en-espanol\/consejeria\/","og_site_name":"Breast Cancer Hotline &amp; Support Program","article_modified_time":"2025-07-09T13:15:51+00:00","og_image":[{"width":1500,"height":1500,"url":"https:\/\/www.adelphi.edu\/breast-cancer\/wp-content\/uploads\/sites\/131\/2024\/05\/430055826_819626160207864_5366787820667679367_n.jpg","type":"image\/jpeg"}],"twitter_card":"summary_large_image","twitter_misc":{"Est. reading time":"1 minute"},"schema":{"@context":"https:\/\/schema.org","@graph":[{"@type":"WebPage","@id":"https:\/\/www.adelphi.edu\/breast-cancer\/en-espanol\/consejeria\/","url":"https:\/\/www.adelphi.edu\/breast-cancer\/en-espanol\/consejeria\/","name":"Consejeria | Programa Estatal de New York de la L\u00ednea de Ayuda y Apoyo del C\u00e1ncer del Seno | Universidad Adelphi","isPartOf":{"@id":"https:\/\/www.adelphi.edu\/breast-cancer\/#website"},"primaryImageOfPage":{"@id":"https:\/\/www.adelphi.edu\/breast-cancer\/en-espanol\/consejeria\/#primaryimage"},"image":{"@id":"https:\/\/www.adelphi.edu\/breast-cancer\/en-espanol\/consejeria\/#primaryimage"},"thumbnailUrl":"https:\/\/www.adelphi.edu\/breast-cancer\/wp-content\/uploads\/sites\/131\/2025\/06\/wordcloud_Spanish.png","datePublished":"2025-06-17T15:07:22+00:00","dateModified":"2025-07-09T13:15:51+00:00","description":"Nuestras trabajadoras sociales ayudan a apoyar y empoderar a las personas y sus familias para atravesar un diagn\u00f3stico de c\u00e1ncer de mama.","breadcrumb":{"@id":"https:\/\/www.adelphi.edu\/breast-cancer\/en-espanol\/consejeria\/#breadcrumb"},"inLanguage":"en-US","potentialAction":[{"@type":"ReadAction","target":["https:\/\/www.adelphi.edu\/breast-cancer\/en-espanol\/consejeria\/"]}]},{"@type":"ImageObject","inLanguage":"en-US","@id":"https:\/\/www.adelphi.edu\/breast-cancer\/en-espanol\/consejeria\/#primaryimage","url":"https:\/\/www.adelphi.edu\/breast-cancer\/wp-content\/uploads\/sites\/131\/2025\/06\/wordcloud_Spanish.png","contentUrl":"https:\/\/www.adelphi.edu\/breast-cancer\/wp-content\/uploads\/sites\/131\/2025\/06\/wordcloud_Spanish.png","width":1024,"height":1024,"caption":"Una nube de palabras creada para celebrar el Mes del Trabajo Social"},{"@type":"BreadcrumbList","@id":"https:\/\/www.adelphi.edu\/breast-cancer\/en-espanol\/consejeria\/#breadcrumb","itemListElement":[{"@type":"ListItem","position":1,"name":"Home","item":"https:\/\/www.adelphi.edu\/breast-cancer\/"},{"@type":"ListItem","position":2,"name":"En Espa\u00f1ol","item":"https:\/\/www.adelphi.edu\/breast-cancer\/en-espanol\/"},{"@type":"ListItem","position":3,"name":"Consejeria"}]},{"@type":"WebSite","@id":"https:\/\/www.adelphi.edu\/breast-cancer\/#website","url":"https:\/\/www.adelphi.edu\/breast-cancer\/","name":"Breast Cancer Hotline &amp; Support Program","description":"","potentialAction":[{"@type":"SearchAction","target":{"@type":"EntryPoint","urlTemplate":"https:\/\/www.adelphi.edu\/breast-cancer\/?s={search_term_string}"},"query-input":{"@type":"PropertyValueSpecification","valueRequired":true,"valueName":"search_term_string"}}],"inLanguage":"en-US"}]}},"new_scheduled_revision":"","save_as_revision":"","_links":{"self":[{"href":"https:\/\/www.adelphi.edu\/breast-cancer\/wp-json\/wp\/v2\/pages\/761"}],"collection":[{"href":"https:\/\/www.adelphi.edu\/breast-cancer\/wp-json\/wp\/v2\/pages"}],"about":[{"href":"https:\/\/www.adelphi.edu\/breast-cancer\/wp-json\/wp\/v2\/types\/page"}],"replies":[{"embeddable":true,"href":"https:\/\/www.adelphi.edu\/breast-cancer\/wp-json\/wp\/v2\/comments?post=761"}],"version-history":[{"count":7,"href":"https:\/\/www.adelphi.edu\/breast-cancer\/wp-json\/wp\/v2\/pages\/761\/revisions"}],"predecessor-version":[{"id":833,"href":"https:\/\/www.adelphi.edu\/breast-cancer\/wp-json\/wp\/v2\/pages\/761\/revisions\/833"}],"up":[{"embeddable":true,"href":"https:\/\/www.adelphi.edu\/breast-cancer\/wp-json\/wp\/v2\/pages\/318"}],"wp:attachment":[{"href":"https:\/\/www.adelphi.edu\/breast-cancer\/wp-json\/wp\/v2\/media?parent=761"}],"curies":[{"name":"wp","href":"https:\/\/api.w.org\/{rel}","templated":true}]}}